{"id":79,"date":"2016-12-20T10:48:37","date_gmt":"2016-12-20T10:48:37","guid":{"rendered":"http:\/\/dlab.elte.hu\/?page_id=79"},"modified":"2019-09-25T15:04:30","modified_gmt":"2019-09-25T15:04:30","slug":"contact","status":"publish","type":"page","link":"https:\/\/dlab.elte.hu\/index.php\/contact\/","title":{"rendered":"Contact"},"content":{"rendered":"<p align=\"center\">Doszt\u00e1nyi Lab (dosztanyi[at]caesar.elte.hu )<\/p>\n<p align=\"center\">Budapest, P\u00e1zm\u00e1ny P\u00e9ter stny. 1c, 1117<\/p>\n<p align=\"center\">Department of Biochemistry, 5th floor 5.213<\/p>\n<p align=\"center\"><iframe loading=\"lazy\" style=\"border: 0;\" src=\"https:\/\/www.google.com\/maps\/embed?pb=!1m18!1m12!1m3!1d2696.8443903050497!2d19.059851165625886!3d47.473461729175945!2m3!1f0!2f0!3f0!3m2!1i1024!2i768!4f13.1!3m3!1m2!1s0x4741ddaa07c4e4b9%3A0x177be592916c1209!2zRUxURSBMw6FneW3DoW55b3NpIENhbXB1cyAtIETDqWxpIFTDtm1i!5e0!3m2!1shu!2shu!4v1569419937705!5m2!1shu!2shu\" width=\"600\" height=\"450\" frameborder=\"0\" align=\"center\" allowfullscreen=\"allowfullscreen\"><span data-mce-type=\"bookmark\" style=\"display: inline-block; width: 0px; overflow: hidden; line-height: 0;\" class=\"mce_SELRES_start\">\ufeff<\/span><\/iframe><\/p>\n<p align=\"center\">\n","protected":false},"excerpt":{"rendered":"<p>Doszt\u00e1nyi Lab (dosztanyi[at]caesar.elte.hu ) Budapest, P\u00e1zm\u00e1ny P\u00e9ter stny. 1c, 1117 Department of Biochemistry, 5th floor 5.213 \ufeff<\/p>\n","protected":false},"author":2,"featured_media":0,"parent":0,"menu_order":0,"comment_status":"closed","ping_status":"closed","template":"onecolumn-page.php","meta":{"footnotes":""},"class_list":["post-79","page","type-page","status-publish","hentry"],"_links":{"self":[{"href":"https:\/\/dlab.elte.hu\/index.php\/wp-json\/wp\/v2\/pages\/79","targetHints":{"allow":["GET"]}}],"collection":[{"href":"https:\/\/dlab.elte.hu\/index.php\/wp-json\/wp\/v2\/pages"}],"about":[{"href":"https:\/\/dlab.elte.hu\/index.php\/wp-json\/wp\/v2\/types\/page"}],"author":[{"embeddable":true,"href":"https:\/\/dlab.elte.hu\/index.php\/wp-json\/wp\/v2\/users\/2"}],"replies":[{"embeddable":true,"href":"https:\/\/dlab.elte.hu\/index.php\/wp-json\/wp\/v2\/comments?post=79"}],"version-history":[{"count":6,"href":"https:\/\/dlab.elte.hu\/index.php\/wp-json\/wp\/v2\/pages\/79\/revisions"}],"predecessor-version":[{"id":460,"href":"https:\/\/dlab.elte.hu\/index.php\/wp-json\/wp\/v2\/pages\/79\/revisions\/460"}],"wp:attachment":[{"href":"https:\/\/dlab.elte.hu\/index.php\/wp-json\/wp\/v2\/media?parent=79"}],"curies":[{"name":"wp","href":"https:\/\/api.w.org\/{rel}","templated":true}]}}