{"id":70,"date":"2016-12-20T10:47:19","date_gmt":"2016-12-20T10:47:19","guid":{"rendered":"http:\/\/dlab.elte.hu\/?page_id=70"},"modified":"2025-09-02T13:56:39","modified_gmt":"2025-09-02T13:56:39","slug":"people","status":"publish","type":"page","link":"https:\/\/dlab.elte.hu\/index.php\/people\/","title":{"rendered":"People"},"content":{"rendered":"<h2><img loading=\"lazy\" decoding=\"async\" class=\"alignleft size-full wp-image-152\" src=\"http:\/\/dlab.elte.hu\/wp-content\/uploads\/2016\/12\/dosztanyi_web.jpg\" alt=\"\" width=\"180\" height=\"225\" \/><strong>Zsuzsanna <\/strong><strong>Doszt\u00e1nyi<\/strong> &#8211; Group leader<\/h2>\n<p style=\"text-align: justify;\">I started my lab in 2014 at the Department of Biochemistry at the E\u00f6tv\u00f6s Lor\u00e1nd University in Budapest thanks to the Momentum Grant from Hungarian Academy of Sciences. I graduated from the E\u00f6tv\u00f6s Lor\u00e1nd University in Budapest with a degree in physics and biophysics and got my Phd in Biology in the Structural Biology program at the same university. I worked in the lab of Istv\u00e1n Simon at the Institute of Enzymology investigating diverse aspects of proteins using computational methods. I also obtained post-doc experience in the lab of Andrew Torda at the Australian National University and the lab of Burkhard Rost at Columbia University. My main research research interest is to understand the structural and functional properties of intrinsically disordered proteins and their involvement in various diseases.<\/p>\n<hr \/>\n<h2><img loading=\"lazy\" decoding=\"async\" class=\"size-medium wp-image-85 alignleft\" src=\"http:\/\/dlab.elte.hu\/wp-content\/uploads\/2016\/12\/Szaniszl\u00f3-Tam\u00e1s-241x300.jpg\" alt=\"\" width=\"180\" height=\"225\" srcset=\"https:\/\/dlab.elte.hu\/wp-content\/uploads\/2016\/12\/Szaniszl\u00f3-Tam\u00e1s-241x300.jpg 241w, https:\/\/dlab.elte.hu\/wp-content\/uploads\/2016\/12\/Szaniszl\u00f3-Tam\u00e1s.jpg 709w\" sizes=\"auto, (max-width: 180px) 100vw, 180px\" \/><strong>Tam\u00e1s <\/strong><strong>Szaniszl\u00f3<\/strong> &#8211; Post-doc<\/h2>\n<p style=\"text-align: justify;\">I graduated from the Eotvos Lorand University and I earned my degree in biology. After receiving my degree I worked for years at the Semmelweis University on the development of a mass spectrometry based tissue identification system. I joined the group in 2015 as a PhD student. In my PhD research I focus on the experimental characterization of the short linear motif mediated interaction network of the LC8 protein.<\/p>\n<hr \/>\n<h2><img loading=\"lazy\" decoding=\"async\" class=\"size-medium wp-image-88 alignleft\" src=\"http:\/\/dlab.elte.hu\/wp-content\/uploads\/2016\/12\/Erd\u0151s-G\u00e1bor-241x300.jpg\" alt=\"\" width=\"180\" height=\"225\" srcset=\"https:\/\/dlab.elte.hu\/wp-content\/uploads\/2016\/12\/Erd\u0151s-G\u00e1bor-241x300.jpg 241w, https:\/\/dlab.elte.hu\/wp-content\/uploads\/2016\/12\/Erd\u0151s-G\u00e1bor.jpg 709w\" sizes=\"auto, (max-width: 180px) 100vw, 180px\" \/><strong>G\u00e1bor\u00a0<\/strong><strong>Erd\u0151s<\/strong> &#8211; Assistant professor<\/h2>\n<p style=\"text-align: justify;\">My\u00a0research aims to understand the behaviour of protein-protein interactions mediated by short linear motifs [SLiMs] through structural analysis. I\u00a0obtained my\u00a0Master&#8217;s degree\u00a0from the Budapest University of Technology and Economics, and i am\u00a0currently working on my\u00a0PhD in the group. Before joining the group, I was an investigator scientist in Dr Tam\u00e1s Hegedus&#8217;s\u00a0lab at the\u00a0Semmelweis University<\/p>\n<hr \/>\n<h2><b>Dorka Asz\u00f3dy<\/b> &#8211;\u00a0PhD student<\/h2>\n<hr \/>\n<h2><img loading=\"lazy\" decoding=\"async\" class=\"size-full wp-image-733 alignleft\" src=\"https:\/\/dlab.elte.hu\/wp-content\/uploads\/2024\/08\/profile-1.jpeg\" alt=\"\" width=\"220\" height=\"274\" \/><strong>Norbert Deutsch<\/strong> &#8211;\u00a0PhD student<\/h2>\n<p style=\"text-align: justify;\">My research focuses on understanding the relationship between disordered proteins and diseases, with a particular emphasis on cancer. I graduated from E\u00f6tv\u00f6s Lor\u00e1nd University with a degree in Biology, specializing in Bioinformatics. I joined the group at the beginning of my master&#8217;s program and started my PhD here in 2023. During my PhD, I am developing new computational methods, databases, web servers, and conducting large-scale analyses.<\/p>\n<h2><strong><img loading=\"lazy\" decoding=\"async\" class=\"wp-image-778 alignleft\" src=\"https:\/\/dlab.elte.hu\/wp-content\/uploads\/2025\/09\/Julcsi-portre_2021_05-200x300.jpg\" alt=\"\" width=\"220\" height=\"330\" srcset=\"https:\/\/dlab.elte.hu\/wp-content\/uploads\/2025\/09\/Julcsi-portre_2021_05-200x300.jpg 200w, https:\/\/dlab.elte.hu\/wp-content\/uploads\/2025\/09\/Julcsi-portre_2021_05-683x1024.jpg 683w, https:\/\/dlab.elte.hu\/wp-content\/uploads\/2025\/09\/Julcsi-portre_2021_05-768x1152.jpg 768w, https:\/\/dlab.elte.hu\/wp-content\/uploads\/2025\/09\/Julcsi-portre_2021_05-1024x1536.jpg 1024w, https:\/\/dlab.elte.hu\/wp-content\/uploads\/2025\/09\/Julcsi-portre_2021_05-1365x2048.jpg 1365w, https:\/\/dlab.elte.hu\/wp-content\/uploads\/2025\/09\/Julcsi-portre_2021_05-scaled.jpg 1707w\" sizes=\"auto, (max-width: 220px) 100vw, 220px\" \/>Julianna B\u00e1r\u00e1nyn\u00e9 N\u00e9meth, PhD<\/strong> &#8211; project manager<\/h2>\n<p>&nbsp;<\/p>\n<h1><\/h1>\n<h1><\/h1>\n<h1><\/h1>\n<h1><\/h1>\n<h1><strong>Alumni<\/strong><\/h1>\n<h1><img loading=\"lazy\" decoding=\"async\" class=\"alignleft size-full wp-image-137\" src=\"http:\/\/dlab.elte.hu\/wp-content\/uploads\/2016\/12\/Matyas_Pajkos.jpg\" alt=\"\" width=\"180\" height=\"225\" \/><strong>M\u00e1ty\u00e1s <\/strong><strong>Pajkos<\/strong> &#8211; Post-doc<\/h1>\n<p style=\"text-align: justify;\">My PhD project involves studying short linear motifs [SLiMs] in terms of evolution. One of my main aims to develop a SLiM centric protein alignment method in order to overcome the limitation of alignment based evolutionary SLiM analyses. I have been working in the group for 6 years. I started to work here during my BSc studies and since September, 2013 I am working on my PhD project.<\/p>\n<hr \/>\n<table style=\"border: 0;\">\n<tbody>\n<tr>\n<td>\n<h2>Alumni<\/h2>\n<ul>\n<li>Post-doc researchers\n<ul>\n<li>B\u00e1lint M\u00e9sz\u00e1ros<\/li>\n<li>M\u00e1ty\u00e1s Pajkos<\/li>\n<\/ul>\n<\/li>\n<li>PhD students\n<ul>\n<li>Borb\u00e1la Hajdu-Solt\u00e9sz<\/li>\n<li>Zolt\u00e1n Mezei<\/li>\n<\/ul>\n<\/li>\n<li>MSc students\n<ul>\n<li>Val\u00e9ria Hud\u00e1k<\/li>\n<li>M\u00e1t\u00e9 F\u00fcl\u00f6p<\/li>\n<\/ul>\n<\/li>\n<\/ul>\n<\/td>\n<td valign=\"top\">\n<h2>Visitors<\/h2>\n<ul>\n<li>Nicol\u00e1s Gonz\u00e1lez Foutel<\/li>\n<li>Marcia Hasenahuer<\/li>\n<li class=\"iw\"><span class=\"qu\" tabindex=\"-1\" role=\"gridcell\"><span class=\"gD\" data-hovercard-id=\"pbarletta@gmail.com\" data-hovercard-owner-id=\"131\">Patricio German Barletta Roldan<\/span><\/span><\/li>\n<li>Juliana Glavina<\/li>\n<\/ul>\n<\/td>\n<\/tr>\n<\/tbody>\n<\/table>\n","protected":false},"excerpt":{"rendered":"<p>Zsuzsanna Doszt\u00e1nyi &#8211; Group leader I started my lab in 2014 at the Department of Biochemistry at the E\u00f6tv\u00f6s Lor\u00e1nd University in Budapest thanks to the Momentum Grant from Hungarian Academy of Sciences. I graduated from the E\u00f6tv\u00f6s Lor\u00e1nd University &hellip; <a href=\"https:\/\/dlab.elte.hu\/index.php\/people\/\">Continue reading <span class=\"meta-nav\">&rarr;<\/span><\/a><\/p>\n","protected":false},"author":2,"featured_media":0,"parent":0,"menu_order":0,"comment_status":"closed","ping_status":"closed","template":"onecolumn-page.php","meta":{"footnotes":""},"class_list":["post-70","page","type-page","status-publish","hentry"],"_links":{"self":[{"href":"https:\/\/dlab.elte.hu\/index.php\/wp-json\/wp\/v2\/pages\/70","targetHints":{"allow":["GET"]}}],"collection":[{"href":"https:\/\/dlab.elte.hu\/index.php\/wp-json\/wp\/v2\/pages"}],"about":[{"href":"https:\/\/dlab.elte.hu\/index.php\/wp-json\/wp\/v2\/types\/page"}],"author":[{"embeddable":true,"href":"https:\/\/dlab.elte.hu\/index.php\/wp-json\/wp\/v2\/users\/2"}],"replies":[{"embeddable":true,"href":"https:\/\/dlab.elte.hu\/index.php\/wp-json\/wp\/v2\/comments?post=70"}],"version-history":[{"count":97,"href":"https:\/\/dlab.elte.hu\/index.php\/wp-json\/wp\/v2\/pages\/70\/revisions"}],"predecessor-version":[{"id":782,"href":"https:\/\/dlab.elte.hu\/index.php\/wp-json\/wp\/v2\/pages\/70\/revisions\/782"}],"wp:attachment":[{"href":"https:\/\/dlab.elte.hu\/index.php\/wp-json\/wp\/v2\/media?parent=70"}],"curies":[{"name":"wp","href":"https:\/\/api.w.org\/{rel}","templated":true}]}}