{"id":549,"date":"2019-10-14T15:40:26","date_gmt":"2019-10-14T15:40:26","guid":{"rendered":"http:\/\/dlab.elte.hu\/?page_id=549"},"modified":"2019-10-24T09:16:36","modified_gmt":"2019-10-24T09:16:36","slug":"bitechnologia-msc-2019-10-21-25","status":"publish","type":"page","link":"https:\/\/dlab.elte.hu\/index.php\/bitechnologia-msc-2019-10-21-25\/","title":{"rendered":"Biotechnol\u00f3gia MSc &#8211; 2019.10.21-25"},"content":{"rendered":"<h1><span style=\"font-weight: 400;\">2019.10.21<\/span> <\/h1>\n<p><span style=\"font-weight: 200;\">(D\u00e9li \u00e9p\u00fclet 6.140)<\/span><\/p>\n<ol>\n<li>9:00-9:15 &#8211; <span style=\"font-weight: 400;\"><strong>Introduction<\/strong>  (Doszt\u00e1nyi Zsuzsa)<\/span><span style=\"font-weight: 400;\"><br \/>\n<\/span><\/li>\n<li>9:15-10:45 &#8211; <span style=\"font-weight: 400;\"><strong>Databases<\/strong>  (Doszt\u00e1nyi Zsuzsa)<\/span>\n<ul>\n<li><a href=\"https:\/\/dlab.elte.hu\/nextcloud\/index.php\/s\/5gXcRBrL7sZLCTM\">Lecture<\/a><\/li>\n<li><a href=\"https:\/\/dlab.elte.hu\/wp-content\/uploads\/2019\/10\/1_Tutorial_2019.10.pdf\">Tutorial<\/a><\/li>\n<\/ul>\n<li>11:00-12:30 &#8211; <span style=\"font-weight: 400;\"><strong>Sequence search, alignments<\/strong>  (Pajkos M\u00e1ty\u00e1s)<\/span>\n<ul>\n<li><a href=\"http:\/\/matyaspajkos.web.elte.hu\/Evolutionary_analyses\/Alignments_and_sequence_searches.pdf\">Lecture<\/a><\/li>\n<li><a href=\"https:\/\/dlab.elte.hu\/wp-content\/uploads\/2019\/05\/Tutorial_alignments_and_sequence_searches.pdf\">Tutorial<\/a><\/li>\n<li><a href=\"https:\/\/dlab.elte.hu\/wp-content\/uploads\/2019\/05\/additional_files.zip\">Additional_files<\/a><\/li>\n<\/ul>\n<li>13:15-14:45 &#8211; <span style=\"font-weight: 400;\"><strong>Molecular Evolution<\/strong>  (Pajkos M\u00e1ty\u00e1s)<\/span>\n<ul>\n<li><a href=\"\">Lecture<\/a><\/li>\n<li><a href=\"\">Tutorial<\/a><\/li>\n<\/ul>\n<li>15:00-16:30 &#8211; <span style=\"font-weight: 400;\"><strong>Bioinformatics Tools in the lab<\/strong>  (Doszt\u00e1nyi Zsuzsa)<\/span>\n<ul>\n<li><a href=\"\">Lecture<\/a><\/li>\n<li><a href=\"\">Tutorial<\/a><\/li>\n<\/ul>\n<\/li>\n<\/ol>\n<h1><span style=\"font-weight: 400;\">2019.10.22<\/span><\/h1>\n<p><span style=\"font-weight: 200;\">(D\u00e9li \u00e9p\u00fclet 7.411)<\/span><\/p>\n<ol>\n<li>9:00-10:30 &#8211; <span style=\"font-weight: 400;\"><strong>Structural databases and visualization I.<\/strong>  (Doszt\u00e1nyi Zsuzsa)<\/span>\n<ul>\n<li><a href=\"\">Lecture<\/a><\/li>\n<li><a href=\"\">Tutorial<\/a><\/li>\n<\/ul>\n<li>10:45-12:15 &#8211; <span style=\"font-weight: 400;\"><strong>Structural databases and visualization II.<\/strong>  (Doszt\u00e1nyi Zsuzsa)<\/span>\n<ul>\n<li><a href=\"\">Lecture<\/a><\/li>\n<li><a href=\"\">Tutorial<\/a><\/li>\n<\/ul>\n<li>13:00-14:30 &#8211; <span style=\"font-weight: 400;\"><strong>Modelling, Predictions<\/strong>  (Doszt\u00e1nyi Zsuzsa)<\/span>\n<ul>\n<li><a href=\"\">Lecture<\/a><\/li>\n<li><a href=\"\">Tutorial<\/a><\/li>\n<\/ul>\n<li>14:45-16:15 &#8211; <span style=\"font-weight: 400;\"><strong>Beyond protein structures<\/strong>  (Pajkos M\u00e1ty\u00e1s)<\/span>\n<ul>\n<li><a href=\"\">Lecture<\/a><\/li>\n<li><a href=\"\">Tutorial<\/a><\/li>\n<\/ul>\n<\/li>\n<\/ol>\n<h1><span style=\"font-weight: 400;\">2019.10.24<\/span><\/h1>\n<p><span style=\"font-weight: 200;\">\u00c9szaki \u00e9p\u00fclet 5.128<\/span><\/p>\n<ol>\n<li>8:00-10:00 &#8211; <span style=\"font-weight: 400;\"><strong>Transcriptomics<\/strong>  (Sebesty\u00e9n Endre)<\/span>\n<ul>\n<li><a href=\"https:\/\/www.dropbox.com\/s\/l7g66seyvli9xqx\/Transzkriptomika-Sebestyen-Endre.pdf?dl=0\">Lecture<\/a><\/li>\n<li><a href=\"https:\/\/www.dropbox.com\/s\/76htpxqnyphvx0n\/Transzkriptomika-BioJupies-Sebestyen-Endre.pdf?dl=0\">Tutorial<\/a><\/li>\n<\/ul>\n<li>14:00-15:30 &#8211; <span style=\"font-weight: 400;\"><strong>Genome Sequencing I.<\/strong>  (Medgyes-Horv\u00e1th Anna)<\/span>\n<ul>\n<li><a href=\"http:\/\/mhanna.web.elte.hu\/bioinformatics\/genomeSequencing.pdf\">Lecture<\/a><\/li>\n<li><a href=\"http:\/\/mhanna.web.elte.hu\/bioinformatics\/NGSAnalysisPipeline.html\">Tutorial<\/a><\/li>\n<\/ul>\n<li>15:45-17:15 &#8211; <span style=\"font-weight: 400;\"><strong>Genome Sequencing II.<\/strong>  (Medgyes-Horv\u00e1th Anna)<\/span>\n<ul>\n<li><a href=\"http:\/\/mhanna.web.elte.hu\/bioinformatics\/genomeSequencing.pdf\">Lecture<\/a><\/li>\n<li><a href=\"http:\/\/mhanna.web.elte.hu\/bioinformatics\/NGSAnalysisPipeline.html\">Tutorial<\/a><\/li>\n<\/ul>\n<\/li>\n<\/ol>\n<h1><span style=\"font-weight: 400;\">2019.10.25<\/span><\/h1>\n<p><span style=\"font-weight: 200;\">(D\u00e9li \u00e9p\u00fclet 7.411)<\/span><\/p>\n<ol>\n<li>9:00-10:30 &#8211; <span style=\"font-weight: 400;\"><strong>PPI, pathways and enrichments<\/strong>  (Pajkos M\u00e1ty\u00e1s)<\/span>\n<ul>\n<li><a href=\"\">Lecture<\/a><\/li>\n<li><a href=\"\">Tutorial<\/a><\/li>\n<\/ul>\n<li>10:45-12:15 &#8211; <span style=\"font-weight: 400;\"><strong>Case studies<\/strong>  (Pajkos M\u00e1ty\u00e1s)<\/span>\n<ul>\n<li><a href=\"\">Lecture<\/a><\/li>\n<li><a href=\"\">Tutorial<\/a><\/li>\n<\/ul>\n<li>13:00-14:30 &#8211; <span style=\"font-weight: 400;\"><strong>Evaluation, discussion<\/strong>  (Pajkos M\u00e1ty\u00e1s, Doszt\u00e1nyi Zsuzsa)<\/span>\n<ul>\n<li><a href=\"\">Lecture<\/a><\/li>\n<li><a href=\"\">Tutorial<\/a><\/li>\n<\/ul>\n<\/li>\n<\/ol>\n","protected":false},"excerpt":{"rendered":"<p>2019.10.21 (D\u00e9li \u00e9p\u00fclet 6.140) 9:00-9:15 &#8211; Introduction (Doszt\u00e1nyi Zsuzsa) 9:15-10:45 &#8211; Databases (Doszt\u00e1nyi Zsuzsa) Lecture Tutorial 11:00-12:30 &#8211; Sequence search, alignments (Pajkos M\u00e1ty\u00e1s) Lecture Tutorial Additional_files 13:15-14:45 &#8211; Molecular Evolution (Pajkos M\u00e1ty\u00e1s) Lecture Tutorial 15:00-16:30 &#8211; Bioinformatics Tools in the &hellip; <a href=\"https:\/\/dlab.elte.hu\/index.php\/bitechnologia-msc-2019-10-21-25\/\">Continue reading <span class=\"meta-nav\">&rarr;<\/span><\/a><\/p>\n","protected":false},"author":2,"featured_media":0,"parent":0,"menu_order":0,"comment_status":"closed","ping_status":"closed","template":"","meta":{"footnotes":""},"class_list":["post-549","page","type-page","status-publish","hentry"],"_links":{"self":[{"href":"https:\/\/dlab.elte.hu\/index.php\/wp-json\/wp\/v2\/pages\/549","targetHints":{"allow":["GET"]}}],"collection":[{"href":"https:\/\/dlab.elte.hu\/index.php\/wp-json\/wp\/v2\/pages"}],"about":[{"href":"https:\/\/dlab.elte.hu\/index.php\/wp-json\/wp\/v2\/types\/page"}],"author":[{"embeddable":true,"href":"https:\/\/dlab.elte.hu\/index.php\/wp-json\/wp\/v2\/users\/2"}],"replies":[{"embeddable":true,"href":"https:\/\/dlab.elte.hu\/index.php\/wp-json\/wp\/v2\/comments?post=549"}],"version-history":[{"count":40,"href":"https:\/\/dlab.elte.hu\/index.php\/wp-json\/wp\/v2\/pages\/549\/revisions"}],"predecessor-version":[{"id":594,"href":"https:\/\/dlab.elte.hu\/index.php\/wp-json\/wp\/v2\/pages\/549\/revisions\/594"}],"wp:attachment":[{"href":"https:\/\/dlab.elte.hu\/index.php\/wp-json\/wp\/v2\/media?parent=549"}],"curies":[{"name":"wp","href":"https:\/\/api.w.org\/{rel}","templated":true}]}}