{"id":379,"date":"2019-04-03T08:05:56","date_gmt":"2019-04-03T08:05:56","guid":{"rendered":"http:\/\/dlab.elte.hu\/?page_id=379"},"modified":"2019-05-09T07:34:57","modified_gmt":"2019-05-09T07:34:57","slug":"feherje-bioinformatikai-eszkozok-alkalmazasa-a-gyakorlatban","status":"publish","type":"page","link":"https:\/\/dlab.elte.hu\/index.php\/feherje-bioinformatikai-eszkozok-alkalmazasa-a-gyakorlatban\/","title":{"rendered":"Feh\u00e9rje bioinformatikai m\u00f3dszerek gyakorlat"},"content":{"rendered":"<h1><span style=\"font-weight: 400;\">2019.05.06: <\/span><\/h1>\n<ol>\n<li><span style=\"font-weight: 400;\">09:00 &#8211; 09:30 &#8211; <strong>Introduction<\/strong><\/span><span style=\"font-weight: 400;\"><br \/>\n<\/span><\/li>\n<li><span style=\"font-weight: 400;\">09:30 &#8211; 11:00 &#8211; <strong>Databases<\/strong> &#8211; Erd\u0151s G\u00e1bor<\/span>\n<ul>\n<li><a href=\"https:\/\/dlab.elte.hu\/wp-content\/uploads\/2019\/05\/1.pdf\">Lecture<\/a><\/li>\n<li><a href=\"https:\/\/dlab.elte.hu\/wp-content\/uploads\/2019\/05\/Tut_Databases.pdf\">Tutorial<\/a><\/li>\n<\/ul>\n<\/li>\n<li><span style=\"font-weight: 400;\">11:15 &#8211; 12:15 &#8211; <strong>Alignments and sequence searches<\/strong> &#8211; Pajkos M\u00e1ty\u00e1s<\/span>\n<ul>\n<li><a href=\"http:\/\/matyaspajkos.web.elte.hu\/Evolutionary_analyses\/Alignments_and_sequence_searches.pdf\">Lecture<\/a><\/li>\n<li><a href=\"https:\/\/dlab.elte.hu\/wp-content\/uploads\/2019\/05\/Tutorial_alignments_and_sequence_searches.pdf\">Tutorial<\/a><\/li>\n<li><a href=\"https:\/\/dlab.elte.hu\/wp-content\/uploads\/2019\/05\/additional_files.zip\">Additional_files<\/a><\/li>\n<\/ul>\n<\/li>\n<li><span style=\"font-weight: 400;\">13:15 &#8211; 14:45 &#8211; <strong>Molecular evolution<\/strong> &#8211; Pajkos M\u00e1ty\u00e1s<\/span>\n<ul>\n<li><a href=\"https:\/\/dlab.elte.hu\/wp-content\/uploads\/2019\/05\/molecular_evolution.pdf\">Lecture<\/a><\/li>\n<li><a href=\"https:\/\/dlab.elte.hu\/wp-content\/uploads\/2019\/05\/MolEvo_Tutorial_2018_byPajkos.pdf\">Tutorial<\/a><\/li>\n<li><a href=\"https:\/\/dlab.elte.hu\/wp-content\/uploads\/2019\/05\/codeml.zip\">codeml<\/a><\/li>\n<li><a href=\"https:\/\/dlab.elte.hu\/wp-content\/uploads\/2019\/05\/MolEvo_Tutorial_2019-answers-only_codeml.pdf\">codeml &#8211; answers<\/a><\/li>\n<\/ul>\n<\/li>\n<\/ol>\n<h1><span style=\"font-weight: 400;\">2019.05.07: <\/span><\/h1>\n<ol>\n<li style=\"font-weight: 400;\"><span style=\"font-weight: 400;\">09:00 &#8211; 12:15 &#8211; <strong>Protein structures <\/strong>\u00a0&#8211; Hajdu-Solt\u00e9sz Borb\u00e1la &amp; Erd\u0151s G\u00e1bor<\/span>\n<ul>\n<li><a href=\"https:\/\/dlab.elte.hu\/wp-content\/uploads\/2017\/01\/Tutorial.pdf\" target=\"_blank\" rel=\"noopener noreferrer\">Tutorial<\/a><\/li>\n<\/ul>\n<\/li>\n<li style=\"font-weight: 400;\"><span style=\"font-weight: 400;\">13:00 &#8211; 14:30 &#8211; <strong>Protein domains<\/strong> &#8211; Erd\u0151s G\u00e1bor<\/span>\n<ul>\n<li><a href=\"https:\/\/dlab.elte.hu\/wp-content\/uploads\/2017\/01\/Domain.pdf\">Lecture<\/a><\/li>\n<li><a href=\"https:\/\/dlab.elte.hu\/wp-content\/uploads\/2017\/01\/Tut_domain.pdf\" target=\"_blank\" rel=\"noopener noreferrer\">Tutorial<\/a><\/li>\n<\/ul>\n<\/li>\n<li style=\"font-weight: 400;\"><span style=\"font-weight: 400;\">14:45 &#8211; 16:15 &#8211; <strong>1D predictions<\/strong> &#8211; Erd\u0151s G\u00e1bor<\/span>\n<ul>\n<li><a href=\"https:\/\/dlab.elte.hu\/wp-content\/uploads\/2017\/01\/1d.pdf\">Lecture<\/a><\/li>\n<li><a href=\"https:\/\/dlab.elte.hu\/wp-content\/uploads\/2017\/01\/Tut_1D.pdf\" target=\"_blank\" rel=\"noopener noreferrer\">Tutorial<\/a><\/li>\n<\/ul>\n<\/li>\n<\/ol>\n<h1><span style=\"font-weight: 400;\">2019.05.08: <\/span><\/h1>\n<ol>\n<li style=\"font-weight: 400;\"><span style=\"font-weight: 400;\">09:00 &#8211; 10:30 &#8211; <strong>3D predictions<\/strong> &#8211; Hajdu-Solt\u00e9sz Borb\u00e1la<\/span>\n<ul>\n<li><a href=\"https:\/\/dlab.elte.hu\/wp-content\/uploads\/2019\/05\/3D-pred-Tutorial.docx\">Tutorial<\/a><\/li>\n<\/ul>\n<\/li>\n<li style=\"font-weight: 400;\"><span style=\"font-weight: 400;\">10:45 &#8211; 12:15 &#8211; <strong>IDPs<\/strong> &#8211; Pajkos M\u00e1ty\u00e1s<\/span>\n<ul>\n<li><a href=\"http:\/\/matyaspajkos.web.elte.hu\/lecture\/IDPs.pdf\">Lecture<\/a><\/li>\n<li><a href=\"http:\/\/matyaspajkos.web.elte.hu\/lecture\/Tut_IDP.pdf\">Tutorial<\/a><\/li>\n<\/ul>\n<\/li>\n<li style=\"font-weight: 400;\"><span style=\"font-weight: 400;\">13:00 &#8211; 14:30 &#8211; <strong>Linear motifs and PTMs<\/strong> &#8211; Pajkos M\u00e1ty\u00e1s<\/span>\n<ul>\n<li><a href=\"http:\/\/matyaspajkos.web.elte.hu\/lecture\/ELM.pdf\">Lecture<\/a><\/li>\n<li><a href=\"http:\/\/matyaspajkos.web.elte.hu\/lecture\/Tut_ELM.pdf\">Tutorial<\/a><\/li>\n<li><a href=\"http:\/\/matyaspajkos.web.elte.hu\/lecture\/MSH6.filtered.fasta\">MSH6-MSA.fasta<\/a><\/li>\n<\/ul>\n<\/li>\n<li style=\"font-weight: 400;\"><span style=\"font-weight: 400;\">14:45 &#8211; 16:15 &#8211; <strong>PPIs<\/strong> &#8211; Hajdu-Solt\u00e9sz Borb\u00e1la<\/span>\n<ul>\n<li><a href=\"https:\/\/dlab.elte.hu\/wp-content\/uploads\/2019\/05\/PPI-tutorial.docx\">PPI-tutorial<\/a><\/li>\n<\/ul>\n<\/li>\n<\/ol>\n<h1><span style=\"font-weight: 400;\">2019.05.09: <\/span><span style=\"font-weight: 400;\"><br \/>\n<\/span><\/h1>\n<ol>\n<li style=\"font-weight: 400;\"><span style=\"font-weight: 400;\">09:00 &#8211; 10:30 &#8211; <strong>Enrichment<\/strong> &#8211; Hajdu-Solt\u00e9sz Borb\u00e1la<\/span><span style=\"font-weight: 400;\"><br \/>\n<\/span><\/p>\n<ul>\n<li><a href=\"https:\/\/dlab.elte.hu\/wp-content\/uploads\/2019\/05\/Enrichment-Tutorial.docx\">Enrichment-Tutorial<\/a><\/li>\n<\/ul>\n<\/li>\n<li style=\"font-weight: 400;\"><span style=\"font-weight: 400;\">10:45 &#8211; 12:15 &#8211; <strong>Saj\u00e1t feladat<\/strong><\/span><span style=\"font-weight: 400;\"><br \/>\n<\/span><\/li>\n<li style=\"font-weight: 400;\"><span style=\"font-weight: 400;\">13:15 &#8211; 14:45 &#8211; <strong>\u00c9rt\u00e9kel\u00e9s <\/strong><\/span><\/li>\n<\/ol>\n","protected":false},"excerpt":{"rendered":"<p>2019.05.06: 09:00 &#8211; 09:30 &#8211; Introduction 09:30 &#8211; 11:00 &#8211; Databases &#8211; Erd\u0151s G\u00e1bor Lecture Tutorial 11:15 &#8211; 12:15 &#8211; Alignments and sequence searches &#8211; Pajkos M\u00e1ty\u00e1s Lecture Tutorial Additional_files 13:15 &#8211; 14:45 &#8211; Molecular evolution &#8211; Pajkos M\u00e1ty\u00e1s Lecture &hellip; <a href=\"https:\/\/dlab.elte.hu\/index.php\/feherje-bioinformatikai-eszkozok-alkalmazasa-a-gyakorlatban\/\">Continue reading <span class=\"meta-nav\">&rarr;<\/span><\/a><\/p>\n","protected":false},"author":2,"featured_media":0,"parent":0,"menu_order":0,"comment_status":"closed","ping_status":"closed","template":"","meta":{"footnotes":""},"class_list":["post-379","page","type-page","status-publish","hentry"],"_links":{"self":[{"href":"https:\/\/dlab.elte.hu\/index.php\/wp-json\/wp\/v2\/pages\/379","targetHints":{"allow":["GET"]}}],"collection":[{"href":"https:\/\/dlab.elte.hu\/index.php\/wp-json\/wp\/v2\/pages"}],"about":[{"href":"https:\/\/dlab.elte.hu\/index.php\/wp-json\/wp\/v2\/types\/page"}],"author":[{"embeddable":true,"href":"https:\/\/dlab.elte.hu\/index.php\/wp-json\/wp\/v2\/users\/2"}],"replies":[{"embeddable":true,"href":"https:\/\/dlab.elte.hu\/index.php\/wp-json\/wp\/v2\/comments?post=379"}],"version-history":[{"count":33,"href":"https:\/\/dlab.elte.hu\/index.php\/wp-json\/wp\/v2\/pages\/379\/revisions"}],"predecessor-version":[{"id":430,"href":"https:\/\/dlab.elte.hu\/index.php\/wp-json\/wp\/v2\/pages\/379\/revisions\/430"}],"wp:attachment":[{"href":"https:\/\/dlab.elte.hu\/index.php\/wp-json\/wp\/v2\/media?parent=379"}],"curies":[{"name":"wp","href":"https:\/\/api.w.org\/{rel}","templated":true}]}}